{"id":7065,"date":"2022-08-25T04:52:29","date_gmt":"2022-08-25T04:52:29","guid":{"rendered":"https:\/\/d-themes.com\/wordpress\/udesign\/dummy\/auto-services\/?page_id=7065"},"modified":"2023-08-14T22:48:25","modified_gmt":"2023-08-15T03:48:25","slug":"acercadenosotros","status":"publish","type":"page","link":"https:\/\/lubricanteslubking.com\/?page_id=7065","title":{"rendered":"Acerca de nosotros"},"content":{"rendered":"\t\t<div data-elementor-type=\"wp-page\" data-elementor-id=\"7065\" class=\"elementor elementor-7065\" data-elementor-post-type=\"page\">\n\t\t\t\t\t\t\t\t\t<section class=\" elementor-section elementor-top-section elementor-element elementor-element-9406aa3 elementor-section-full_width elementor-section-height-default elementor-section-height-default\" data-id=\"9406aa3\" data-element_type=\"section\" data-settings=\"{&quot;background_background&quot;:&quot;classic&quot;}\">\r\n\t\t\t\t\t\t\t\t<div class=\"elementor-container elementor-column-gap-no\">\r\n\t\t\t\t\r\n\t\t\t\t\t\t\t<div class=\" elementor-column elementor-col-50 elementor-top-column elementor-element elementor-element-5e92856 elementor-invisible \" data-id=\"5e92856\" data-element_type=\"column\" data-settings=\"{&quot;animation&quot;:&quot;fadeInUpShorter&quot;,&quot;animation_delay&quot;:300}\">\r\n\r\n\t\t\t\r\n\t\t\t<div class=\"elementor-widget-wrap elementor-element-populated\">\r\n\t\t\t\t\t\t\t\t\r\n\t\t\t\t\t<section class=\" elementor-section elementor-inner-section elementor-element elementor-element-be11080 elementor-section-boxed elementor-section-height-default elementor-section-height-default\" data-id=\"be11080\" data-element_type=\"section\">\r\n\t\t\t\t\t\t\t\t<div class=\"elementor-container elementor-column-gap-default\">\r\n\t\t\t\t\r\n\t\t\t\t\t\t\t<div class=\" elementor-column elementor-col-100 elementor-inner-column elementor-element elementor-element-f4b3b8b \" data-id=\"f4b3b8b\" data-element_type=\"column\">\r\n\r\n\t\t\t\r\n\t\t\t<div class=\"elementor-widget-wrap elementor-element-populated\">\r\n\t\t\t\t\t\t\t\t\r\n\t\t\t\t\t<div class=\"elementor-element elementor-element-e2a7946 elementor-widget elementor-widget-heading\" data-id=\"e2a7946\" data-element_type=\"widget\" data-widget_type=\"heading.default\">\n\t\t\t\t<div class=\"elementor-widget-container\">\n\t\t\t<style>\/*! elementor - v3.15.0 - 09-08-2023 *\/\n.elementor-heading-title{padding:0;margin:0;line-height:1}.elementor-widget-heading .elementor-heading-title[class*=elementor-size-]>a{color:inherit;font-size:inherit;line-height:inherit}.elementor-widget-heading .elementor-heading-title.elementor-size-small{font-size:15px}.elementor-widget-heading .elementor-heading-title.elementor-size-medium{font-size:19px}.elementor-widget-heading .elementor-heading-title.elementor-size-large{font-size:29px}.elementor-widget-heading .elementor-heading-title.elementor-size-xl{font-size:39px}.elementor-widget-heading .elementor-heading-title.elementor-size-xxl{font-size:59px}<\/style><h2 class=\"elementor-heading-title elementor-size-default\">16+ A\u00d1OS<\/h2>\t\t<\/div>\n\t\t\t\t<\/div>\n\t\t\t\t<div class=\"elementor-element elementor-element-a8bb07b elementor-widget elementor-widget-heading\" data-id=\"a8bb07b\" data-element_type=\"widget\" data-widget_type=\"heading.default\">\n\t\t\t\t<div class=\"elementor-widget-container\">\n\t\t\t<h2 class=\"elementor-heading-title elementor-size-default\">DE EXPERIENCIA<\/h2>\t\t<\/div>\n\t\t\t\t<\/div>\n\t\t\t\t<div class=\"elementor-element elementor-element-b8c801e elementor-widget elementor-widget-heading\" data-id=\"b8c801e\" data-element_type=\"widget\" data-widget_type=\"heading.default\">\n\t\t\t\t<div class=\"elementor-widget-container\">\n\t\t\t<p class=\"elementor-heading-title elementor-size-default\">Somos una empresa que se dedica a la fabricaci\u00f3n, venta y distribuci\u00f3n de Lubricantes y productos para mantenimiento y embellecimiento automotriz e industrial. Contamos con diferentes puntos de distribuci\u00f3n a nivel nacional.<br>\n<b>Historia<\/b>\nFundada en el a\u00f1o 2007 en la ciudad de Medell\u00edn. Con la ayuda de un capital familiar, se inici\u00f3 el sue\u00f1o de tener un negocio propio enfocado en el ramo de los productos automotrices derivado de la previa experiencia en el mismo sector como empleados.<br><br>Inicialmente como es natural, se requiri\u00f3 de mucho esfuerzo y sacrificio pero gracias a la dedicaci\u00f3n constante, se logr\u00f3 un crecimiento exponencial no solo en nuestra planta de producci\u00f3n sino en clientes y empleados.<br><br>Esto permiti\u00f3 ampliar nuestro cat\u00e1logo y nuestros horizontes, al nivel que somos hoy... una empresa familiar pero que tiene metas muy claras de crecimiento y con productos en los que nuestros distribuidores y clientes pueden confiar la durabilidad de sus veh\u00edculos y motores en general.<\/p>\t\t<\/div>\n\t\t\t\t<\/div>\n\t\t\t\t\t<\/div>\r\n\t\t\t<\/div>\r\n\t\t\t\t\t\t\t<\/div>\r\n\t\t\t<\/section>\r\n\t\t\t\t\t\t<\/div>\r\n\t\t\t<\/div>\r\n\t\t\t\t\t\t\t<div class=\" elementor-column elementor-col-50 elementor-top-column elementor-element elementor-element-85b277c order-lg-first \" data-id=\"85b277c\" data-element_type=\"column\">\r\n\r\n\t\t\t\r\n\t\t\t<div class=\"elementor-widget-wrap elementor-element-populated\">\r\n\t\t\t\t\t\t\t\t\r\n\t\t\t\t\t<div class=\"elementor-element elementor-element-d8d0319 elementor-absolute animated-slow e-transform elementor-hidden-mobile rotating-cog elementor-invisible elementor-widget elementor-widget-image\" data-id=\"d8d0319\" data-element_type=\"widget\" data-settings=\"{&quot;_position&quot;:&quot;absolute&quot;,&quot;_animation&quot;:&quot;rotateIn&quot;,&quot;_animation_delay&quot;:200,&quot;_transform_scale_effect_mobile&quot;:{&quot;unit&quot;:&quot;px&quot;,&quot;size&quot;:0.8,&quot;sizes&quot;:[]},&quot;_transform_scale_effect&quot;:{&quot;unit&quot;:&quot;px&quot;,&quot;size&quot;:&quot;&quot;,&quot;sizes&quot;:[]},&quot;_transform_scale_effect_tablet&quot;:{&quot;unit&quot;:&quot;px&quot;,&quot;size&quot;:&quot;&quot;,&quot;sizes&quot;:[]}}\" data-widget_type=\"image.default\">\n\t\t\t\t<div class=\"elementor-widget-container\">\n\t\t\t<style>\/*! elementor - v3.15.0 - 09-08-2023 *\/\n.elementor-widget-image{text-align:center}.elementor-widget-image a{display:inline-block}.elementor-widget-image a img[src$=\".svg\"]{width:48px}.elementor-widget-image img{vertical-align:middle;display:inline-block}<\/style>\t\t\t\t\t\t\t\t\t\t\t\t<img decoding=\"async\" width=\"249\" height=\"249\" src=\"https:\/\/lubricanteslubking.com\/wp-content\/uploads\/2023\/08\/tyre.png\" class=\"attachment-medium size-medium wp-image-10649\" alt=\"Lubricantes Lubking - Ralyxxton Automotriz S.A.S.\" \/>\t\t\t\t\t\t\t\t\t\t\t\t\t\t\t<\/div>\n\t\t\t\t<\/div>\n\t\t\t\t<div class=\"elementor-element elementor-element-3383bcd elementor-invisible elementor-widget elementor-widget-udesign_widget_banner\" data-id=\"3383bcd\" data-element_type=\"widget\" data-settings=\"{&quot;_animation&quot;:&quot;fadeInLeftShorter&quot;,&quot;_animation_delay&quot;:400}\" data-widget_type=\"udesign_widget_banner.default\">\r\n\t\t\t\t<div class=\"elementor-widget-container\">\n\t\t\t<div class=\"banner banner-fixed\">\t<figure class=\"banner-img\">\r\n\t\t<img width=\"1200\" height=\"740\" src=\"https:\/\/lubricanteslubking.com\/wp-content\/uploads\/2023\/08\/oilmotor.png\" class=\"attachment-full size-full\" alt=\"Lubricantes Ralyxxton - Ralyxxton Automotriz S.A.S.\" decoding=\"async\" srcset=\"https:\/\/lubricanteslubking.com\/wp-content\/uploads\/2023\/08\/oilmotor.png 1200w, https:\/\/lubricanteslubking.com\/wp-content\/uploads\/2023\/08\/oilmotor-1024x631.png 1024w, https:\/\/lubricanteslubking.com\/wp-content\/uploads\/2023\/08\/oilmotor-768x474.png 768w, https:\/\/lubricanteslubking.com\/wp-content\/uploads\/2023\/08\/oilmotor-600x370.png 600w\" sizes=\"(max-width: 1200px) 100vw, 1200px\" \/>\t<\/figure>\r\n\t<div class=\"banner-content t-mc\"><\/div><\/div>\t\t<\/div>\n\t\t\t\t<\/div>\n\t\t\t\t\t<\/div>\r\n\t\t\t<\/div>\r\n\t\t\t\t\t\t\t<\/div>\r\n\t\t\t<\/section>\r\n\t\t\t\t\t<div class=\" elementor-section elementor-top-section elementor-element elementor-element-54f41db elementor-section-boxed elementor-section-height-default elementor-section-height-default\" data-id=\"54f41db\" data-element_type=\"section\" data-settings=\"{&quot;background_background&quot;:&quot;classic&quot;}\">\r\n\t\t\t\t\t\t\t\t<div class=\"elementor-container elementor-column-gap-no\">\r\n\t\t\t\t\r\n\t\t\t\t\t\t\t<div class=\" elementor-column elementor-col-50 elementor-top-column elementor-element elementor-element-b8e1247 elementor-invisible \" data-id=\"b8e1247\" data-element_type=\"column\" data-settings=\"{&quot;animation&quot;:&quot;fadeIn&quot;,&quot;animation_delay&quot;:300}\">\r\n\r\n\t\t\t\r\n\t\t\t<div class=\"elementor-widget-wrap elementor-element-populated\">\r\n\t\t\t\t\t\t\t\t\r\n\t\t\t\t\t<div class=\"elementor-element elementor-element-695c4a1 elementor-widget elementor-widget-udesign_widget_counters\" data-id=\"695c4a1\" data-element_type=\"widget\" data-widget_type=\"udesign_widget_counters.default\">\n\t\t\t\t<div class=\"elementor-widget-container\">\n\t\t\t<div class=\"counters   gutter-no  row cols-lg-2 cols-md-2 cols-sm-2 cols-1 cols-xl-2\" ><div class=\"grid-col\"><div class=\"counter\"><div class=\"counter-number\"><i class=\"\"><\/i><span class=\"count-to\" data-speed=\"3000\" data-to=\"16\">0<\/span><span class=\"counter-number-suffix\">+<\/span><\/div><div class=\"counter-content\"><h3 class=\"count-title\">A\u00f1os de experiencia<\/h3><p class=\"count-desc\">Perfeccionando nuestros productos<\/p><\/div><\/div><\/div><div class=\"grid-col\"><div class=\"counter\"><div class=\"counter-number\"><i class=\"\"><\/i><span class=\"count-to\" data-speed=\"3000\" data-to=\"10\">0<\/span><span class=\"counter-number-suffix\">K+<\/span><\/div><div class=\"counter-content\"><h3 class=\"count-title\">Clientes satisfechos<\/h3><p class=\"count-desc\">Con la calidad de nuestros productos<\/p><\/div><\/div><\/div><div class=\"grid-col\"><div class=\"counter\"><div class=\"counter-number\"><i class=\"\"><\/i><span class=\"count-to\" data-speed=\"3000\" data-to=\"3\">0<\/span><\/div><div class=\"counter-content\"><h3 class=\"count-title\">Marcas<\/h3><p class=\"count-desc\">Dise\u00f1adas para todo p\u00fablico y necesidades<\/p><\/div><\/div><\/div><div class=\"grid-col\"><div class=\"counter\"><div class=\"counter-number\"><i class=\"\"><\/i><span class=\"count-to\" data-speed=\"3000\" data-to=\"8\">0<\/span><span class=\"counter-number-suffix\">+<\/span><\/div><div class=\"counter-content\"><h3 class=\"count-title\">L\u00edneas de productos<\/h3><p class=\"count-desc\">Enfocadas en diferentes industrias y veh\u00edculos<\/p><\/div><\/div><\/div><\/div>\t\t<\/div>\n\t\t\t\t<\/div>\n\t\t\t\t\t<\/div>\r\n\t\t\t<\/div>\r\n\t\t\t\t\t\t\t<div class=\" elementor-column elementor-col-50 elementor-top-column elementor-element elementor-element-87b282d elementor-invisible \" data-id=\"87b282d\" data-element_type=\"column\" data-settings=\"{&quot;animation&quot;:&quot;fadeInRightShorter&quot;,&quot;animation_delay&quot;:200}\">\r\n\r\n\t\t\t\r\n\t\t\t<div class=\"elementor-widget-wrap elementor-element-populated\">\r\n\t\t\t\t\t\t\t\t\r\n\t\t\t\t\t<div class=\"elementor-element elementor-element-a2f7eaa elementor-widget elementor-widget-udesign_widget_banner\" data-id=\"a2f7eaa\" data-element_type=\"widget\" data-widget_type=\"udesign_widget_banner.default\">\r\n\t\t\t\t<div class=\"elementor-widget-container\">\n\t\t\t<div class=\"banner banner-fixed\">\t<figure class=\"banner-img\">\r\n\t\t<img width=\"1279\" height=\"853\" src=\"https:\/\/lubricanteslubking.com\/wp-content\/uploads\/2023\/08\/motor_oil.jpg\" class=\"attachment-full size-full\" alt=\"Lubricantes Lubking - Ralyxxton Automotriz S.A.S.\" decoding=\"async\" srcset=\"https:\/\/lubricanteslubking.com\/wp-content\/uploads\/2023\/08\/motor_oil.jpg 1279w, https:\/\/lubricanteslubking.com\/wp-content\/uploads\/2023\/08\/motor_oil-1024x683.jpg 1024w, https:\/\/lubricanteslubking.com\/wp-content\/uploads\/2023\/08\/motor_oil-768x512.jpg 768w, https:\/\/lubricanteslubking.com\/wp-content\/uploads\/2023\/08\/motor_oil-600x400.jpg 600w\" sizes=\"(max-width: 1279px) 100vw, 1279px\" \/>\t<\/figure>\r\n\t<div class=\"banner-content t-mc\"><\/div><\/div>\t\t<\/div>\n\t\t\t\t<\/div>\n\t\t\t\t\t<\/div>\r\n\t\t\t<\/div>\r\n\t\t\t\t\t\t\t<\/div>\r\n\t\t\t<\/div>\r\n\t\t\t\t\t\t\t\t<\/div>\n\t\t","protected":false},"excerpt":{"rendered":"<p>16+ A\u00d1OS DE EXPERIENCIA Somos una empresa que se dedica a la fabricaci\u00f3n, venta y distribuci\u00f3n de Lubricantes y productos para mantenimiento y embellecimiento automotriz e industrial. Contamos con diferentes puntos de distribuci\u00f3n a nivel nacional. Historia Fundada en el a\u00f1o 2007 en la ciudad de Medell\u00edn. Con la ayuda de un capital familiar, se [&hellip;]<\/p>\n","protected":false},"author":1,"featured_media":10406,"parent":0,"menu_order":0,"comment_status":"closed","ping_status":"closed","template":"","meta":{"footnotes":""},"_links":{"self":[{"href":"https:\/\/lubricanteslubking.com\/index.php?rest_route=\/wp\/v2\/pages\/7065"}],"collection":[{"href":"https:\/\/lubricanteslubking.com\/index.php?rest_route=\/wp\/v2\/pages"}],"about":[{"href":"https:\/\/lubricanteslubking.com\/index.php?rest_route=\/wp\/v2\/types\/page"}],"author":[{"embeddable":true,"href":"https:\/\/lubricanteslubking.com\/index.php?rest_route=\/wp\/v2\/users\/1"}],"replies":[{"embeddable":true,"href":"https:\/\/lubricanteslubking.com\/index.php?rest_route=%2Fwp%2Fv2%2Fcomments&post=7065"}],"version-history":[{"count":25,"href":"https:\/\/lubricanteslubking.com\/index.php?rest_route=\/wp\/v2\/pages\/7065\/revisions"}],"predecessor-version":[{"id":10713,"href":"https:\/\/lubricanteslubking.com\/index.php?rest_route=\/wp\/v2\/pages\/7065\/revisions\/10713"}],"wp:featuredmedia":[{"embeddable":true,"href":"https:\/\/lubricanteslubking.com\/index.php?rest_route=\/wp\/v2\/media\/10406"}],"wp:attachment":[{"href":"https:\/\/lubricanteslubking.com\/index.php?rest_route=%2Fwp%2Fv2%2Fmedia&parent=7065"}],"curies":[{"name":"wp","href":"https:\/\/api.w.org\/{rel}","templated":true}]}}