{"id":10492,"date":"2023-06-17T01:55:17","date_gmt":"2023-06-17T06:55:17","guid":{"rendered":"https:\/\/lubricantesralyxxton.com\/?post_type=product&#038;p=10492"},"modified":"2023-10-11T11:23:19","modified_gmt":"2023-10-11T16:23:19","slug":"lubricante-motocicleta-4t-sae-20w50-api-jaso-0-948l-lubking","status":"publish","type":"product","link":"https:\/\/lubricanteslubking.com\/?product=lubricante-motocicleta-4t-sae-20w50-api-jaso-0-948l-lubking","title":{"rendered":"LUBKING DUKE 4T SAE 20W50 API SL JASO MA-2 CUARTO"},"content":{"rendered":"\t\t<div data-elementor-type=\"product-post\" data-elementor-id=\"10492\" class=\"elementor elementor-10492\" data-elementor-post-type=\"product\">\n\t\t\t\t\t\t\t\t\t<section class=\" elementor-section elementor-top-section elementor-element elementor-element-4dd571a0 elementor-section-boxed elementor-section-height-default elementor-section-height-default\" data-id=\"4dd571a0\" data-element_type=\"section\">\r\n\t\t\t\t\t\t\t\t<div class=\"elementor-container elementor-column-gap-default\">\r\n\t\t\t\t\r\n\t\t\t\t\t\t\t<div class=\" elementor-column elementor-col-100 elementor-top-column elementor-element elementor-element-326b3673 \" data-id=\"326b3673\" data-element_type=\"column\">\r\n\r\n\t\t\t\r\n\t\t\t<div class=\"elementor-widget-wrap elementor-element-populated\">\r\n\t\t\t\t\t\t\t\t\r\n\t\t\t\t\t<div class=\"elementor-element elementor-element-342eadbf elementor-widget elementor-widget-text-editor\" data-id=\"342eadbf\" data-element_type=\"widget\" data-widget_type=\"text-editor.default\">\n\t\t\t\t<div class=\"elementor-widget-container\">\n\t\t\t<style>\/*! elementor - v3.15.0 - 09-08-2023 *\/\n.elementor-widget-text-editor.elementor-drop-cap-view-stacked .elementor-drop-cap{background-color:#69727d;color:#fff}.elementor-widget-text-editor.elementor-drop-cap-view-framed .elementor-drop-cap{color:#69727d;border:3px solid;background-color:transparent}.elementor-widget-text-editor:not(.elementor-drop-cap-view-default) .elementor-drop-cap{margin-top:8px}.elementor-widget-text-editor:not(.elementor-drop-cap-view-default) .elementor-drop-cap-letter{width:1em;height:1em}.elementor-widget-text-editor .elementor-drop-cap{float:left;text-align:center;line-height:1;font-size:50px}.elementor-widget-text-editor .elementor-drop-cap-letter{display:inline-block}<\/style>\t\t\t\t<p class=\"p1\"><span class=\"s1\">1. Viscosidad y grado SAE: El lubricante est\u00e1 clasificado como SAE 20W50, lo que indica su viscosidad en diferentes condiciones de temperatura. Esta viscosidad es adecuada para una amplia gama de temperaturas y brinda una protecci\u00f3n efectiva en condiciones tanto de alta como de baja temperatura.<\/span><\/p><p class=\"p1\"><span class=\"s1\">2. Espec\u00edfico para motores 4T: Este lubricante est\u00e1 formulado especialmente para motores de cuatro tiempos, que son comunes en las motocicletas modernas. Proporciona la lubricaci\u00f3n necesaria para componentes como el motor, la caja de cambios y el embrague en una sola formulaci\u00f3n.<\/span><\/p><p class=\"p1\"><span class=\"s1\">3. Cumplimiento de est\u00e1ndares API y JASO: El hecho de que el lubricante tenga certificaci\u00f3n API (American Petroleum Institute) y JASO (Japanese Automotive Standards Organization) indica que ha pasado rigurosas pruebas de calidad y rendimiento. API establece est\u00e1ndares para aceites de motor, mientras que JASO se enfoca en las necesidades espec\u00edficas de las motocicletas.<\/span><\/p><p class=\"p1\"><span class=\"s1\">4. Protecci\u00f3n y limpieza del motor: Este lubricante no solo reduce la fricci\u00f3n y el desgaste en el motor, sino que tambi\u00e9n contiene aditivos detergentes y dispersantes que ayudan a mantener limpios los componentes internos. Esto contribuye a un funcionamiento m\u00e1s eficiente y una vida \u00fatil m\u00e1s larga del motor.<\/span><\/p><p class=\"p1\"><span class=\"s1\">5. Compatibilidad con sistemas de embrague h\u00famedo: La f\u00f3rmula de este lubricante est\u00e1 dise\u00f1ada para ser compatible con sistemas de embrague h\u00famedo, comunes en muchas motocicletas. Esto significa que no afectar\u00e1 negativamente el rendimiento del embrague.<\/span><\/p><p class=\"p1\"><span class=\"s1\">6. Protecci\u00f3n contra la oxidaci\u00f3n y la corrosi\u00f3n: Los aditivos antioxidantes y anticorrosi\u00f3n en el lubricante ayudan a prevenir la oxidaci\u00f3n y la corrosi\u00f3n en partes internas del motor, lo que es especialmente importante dado el funcionamiento a menudo exigente de las motocicletas.<\/span><\/p><p class=\"p1\"><span class=\"s1\">7. Reducci\u00f3n de emisiones: Algunos lubricantes est\u00e1n formulados para ayudar a reducir las emisiones contaminantes. Si este es el caso, podr\u00eda estar indicado en el envase del producto, contribuyendo as\u00ed a un funcionamiento m\u00e1s limpio y respetuoso con el medio ambiente.<\/span><\/p><p class=\"p1\"><span class=\"s1\">8. Instrucciones de uso: Es importante seguir las instrucciones del fabricante en cuanto a la cantidad adecuada de lubricante y los intervalos de cambio. Usar el lubricante incorrecto o no cambiarlo a tiempo podr\u00eda afectar negativamente el rendimiento y la durabilidad del motor.<\/span><\/p><p class=\"p1\"><span class=\"s1\">Siempre es recomendable verificar la etiqueta y las especificaciones del producto espec\u00edfico, ya que las formulaciones pueden variar.<\/span><\/p>\t\t\t\t\t\t<\/div>\n\t\t\t\t<\/div>\n\t\t\t\t\t<\/div>\r\n\t\t\t<\/div>\r\n\t\t\t\t\t\t\t<\/div>\r\n\t\t\t<\/section>\r\n\t\t\t\t\t<section class=\" elementor-section elementor-top-section elementor-element elementor-element-21402c8 elementor-section-boxed elementor-section-height-default elementor-section-height-default\" data-id=\"21402c8\" data-element_type=\"section\">\r\n\t\t\t\t\t\t\t\t<div class=\"elementor-container elementor-column-gap-default\">\r\n\t\t\t\t\r\n\t\t\t\t\t\t\t<div class=\" elementor-column elementor-col-100 elementor-top-column elementor-element elementor-element-28fdb1d \" data-id=\"28fdb1d\" data-element_type=\"column\">\r\n\r\n\t\t\t\r\n\t\t\t<div class=\"elementor-widget-wrap elementor-element-populated\">\r\n\t\t\t\t\t\t\t\t\r\n\t\t\t\t\t<div class=\"elementor-element elementor-element-8dd9a69 elementor-widget elementor-widget-heading\" data-id=\"8dd9a69\" data-element_type=\"widget\" data-widget_type=\"heading.default\">\n\t\t\t\t<div class=\"elementor-widget-container\">\n\t\t\t<style>\/*! elementor - v3.15.0 - 09-08-2023 *\/\n.elementor-heading-title{padding:0;margin:0;line-height:1}.elementor-widget-heading .elementor-heading-title[class*=elementor-size-]>a{color:inherit;font-size:inherit;line-height:inherit}.elementor-widget-heading .elementor-heading-title.elementor-size-small{font-size:15px}.elementor-widget-heading .elementor-heading-title.elementor-size-medium{font-size:19px}.elementor-widget-heading .elementor-heading-title.elementor-size-large{font-size:29px}.elementor-widget-heading .elementor-heading-title.elementor-size-xl{font-size:39px}.elementor-widget-heading .elementor-heading-title.elementor-size-xxl{font-size:59px}<\/style><h3 class=\"elementor-heading-title elementor-size-default\">Descarga la ficha t\u00e9cnica<\/h3>\t\t<\/div>\n\t\t\t\t<\/div>\n\t\t\t\t<div class=\"elementor-element elementor-element-4b7fdd3 elementor-view-default elementor-widget elementor-widget-icon\" data-id=\"4b7fdd3\" data-element_type=\"widget\" data-widget_type=\"icon.default\">\n\t\t\t\t<div class=\"elementor-widget-container\">\n\t\t\t\t\t<div class=\"elementor-icon-wrapper\">\n\t\t\t<a class=\"elementor-icon\" href=\"https:\/\/lubricanteslubking.com\/wp-content\/uploads\/2022\/08\/26.-FT-Lubking-Moto-4T-SAE-20W50-API-SL-MA-2.pdf\" target=\"_blank\" rel=\"nofollow\">\n\t\t\t<i aria-hidden=\"true\" class=\"fas fa-file-pdf\"><\/i>\t\t\t<\/a>\n\t\t<\/div>\n\t\t\t\t<\/div>\n\t\t\t\t<\/div>\n\t\t\t\t\t<\/div>\r\n\t\t\t<\/div>\r\n\t\t\t\t\t\t\t<\/div>\r\n\t\t\t<\/section>\r\n\t\t\t\t\t<section class=\" elementor-section elementor-top-section elementor-element elementor-element-5b9522d elementor-section-boxed elementor-section-height-default elementor-section-height-default\" data-id=\"5b9522d\" data-element_type=\"section\">\r\n\t\t\t\t\t\t\t\t<div class=\"elementor-container elementor-column-gap-default\">\r\n\t\t\t\t\r\n\t\t\t\t\t\t\t<div class=\" elementor-column elementor-col-100 elementor-top-column elementor-element elementor-element-f7edfb8 \" data-id=\"f7edfb8\" data-element_type=\"column\">\r\n\r\n\t\t\t\r\n\t\t\t<div class=\"elementor-widget-wrap elementor-element-populated\">\r\n\t\t\t\t\t\t\t\t\r\n\t\t\t\t\t<div class=\"elementor-element elementor-element-97705a6 elementor-widget elementor-widget-heading\" data-id=\"97705a6\" data-element_type=\"widget\" data-widget_type=\"heading.default\">\n\t\t\t\t<div class=\"elementor-widget-container\">\n\t\t\t<h3 class=\"elementor-heading-title elementor-size-default\">Presentaciones<\/h3>\t\t<\/div>\n\t\t\t\t<\/div>\n\t\t\t\t<section class=\" elementor-section elementor-inner-section elementor-element elementor-element-2a40202 elementor-section-boxed elementor-section-height-default elementor-section-height-default\" data-id=\"2a40202\" data-element_type=\"section\">\r\n\t\t\t\t\t\t\t\t<div class=\"elementor-container elementor-column-gap-default\">\r\n\t\t\t\t\r\n\t\t\t\t\t\t\t<div class=\" elementor-column elementor-col-33 elementor-inner-column elementor-element elementor-element-aff029a \" data-id=\"aff029a\" data-element_type=\"column\">\r\n\r\n\t\t\t\r\n\t\t\t<div class=\"elementor-widget-wrap elementor-element-populated\">\r\n\t\t\t\t\t\t\t\t\r\n\t\t\t\t\t<div class=\"elementor-element elementor-element-e5d9d69 elementor-widget elementor-widget-image\" data-id=\"e5d9d69\" data-element_type=\"widget\" data-widget_type=\"image.default\">\n\t\t\t\t<div class=\"elementor-widget-container\">\n\t\t\t<style>\/*! elementor - v3.15.0 - 09-08-2023 *\/\n.elementor-widget-image{text-align:center}.elementor-widget-image a{display:inline-block}.elementor-widget-image a img[src$=\".svg\"]{width:48px}.elementor-widget-image img{vertical-align:middle;display:inline-block}<\/style>\t\t\t\t\t\t\t\t\t\t\t\t<img decoding=\"async\" width=\"1024\" height=\"1024\" src=\"https:\/\/lubricanteslubking.com\/wp-content\/uploads\/2023\/06\/IMG_3675-1024x1024.jpg\" class=\"attachment-large size-large wp-image-10747\" alt=\"\" srcset=\"https:\/\/lubricanteslubking.com\/wp-content\/uploads\/2023\/06\/IMG_3675-1024x1024.jpg 1024w, https:\/\/lubricanteslubking.com\/wp-content\/uploads\/2023\/06\/IMG_3675-768x768.jpg 768w, https:\/\/lubricanteslubking.com\/wp-content\/uploads\/2023\/06\/IMG_3675-600x600.jpg 600w\" sizes=\"(max-width: 1024px) 100vw, 1024px\" \/>\t\t\t\t\t\t\t\t\t\t\t\t\t\t\t<\/div>\n\t\t\t\t<\/div>\n\t\t\t\t<div class=\"elementor-element elementor-element-8e303ec elementor-widget elementor-widget-heading\" data-id=\"8e303ec\" data-element_type=\"widget\" data-widget_type=\"heading.default\">\n\t\t\t\t<div class=\"elementor-widget-container\">\n\t\t\t<h5 class=\"elementor-heading-title elementor-size-default\">1 Gal\u00f3n<\/h5>\t\t<\/div>\n\t\t\t\t<\/div>\n\t\t\t\t\t<\/div>\r\n\t\t\t<\/div>\r\n\t\t\t\t\t\t\t<div class=\" elementor-column elementor-col-33 elementor-inner-column elementor-element elementor-element-b59acd1 \" data-id=\"b59acd1\" data-element_type=\"column\">\r\n\r\n\t\t\t\r\n\t\t\t<div class=\"elementor-widget-wrap elementor-element-populated\">\r\n\t\t\t\t\t\t\t\t\r\n\t\t\t\t\t<div class=\"elementor-element elementor-element-bd8cef9 elementor-widget elementor-widget-image\" data-id=\"bd8cef9\" data-element_type=\"widget\" data-widget_type=\"image.default\">\n\t\t\t\t<div class=\"elementor-widget-container\">\n\t\t\t\t\t\t\t\t\t\t\t\t\t\t\t<img decoding=\"async\" width=\"1024\" height=\"1024\" src=\"https:\/\/lubricanteslubking.com\/wp-content\/uploads\/2023\/06\/gal1-1024x1024.jpg\" class=\"attachment-large size-large wp-image-10733\" alt=\"\" srcset=\"https:\/\/lubricanteslubking.com\/wp-content\/uploads\/2023\/06\/gal1-1024x1024.jpg 1024w, https:\/\/lubricanteslubking.com\/wp-content\/uploads\/2023\/06\/gal1-768x768.jpg 768w, https:\/\/lubricanteslubking.com\/wp-content\/uploads\/2023\/06\/gal1-600x600.jpg 600w\" sizes=\"(max-width: 1024px) 100vw, 1024px\" \/>\t\t\t\t\t\t\t\t\t\t\t\t\t\t\t<\/div>\n\t\t\t\t<\/div>\n\t\t\t\t<div class=\"elementor-element elementor-element-7bb4c4e elementor-widget elementor-widget-heading\" data-id=\"7bb4c4e\" data-element_type=\"widget\" data-widget_type=\"heading.default\">\n\t\t\t\t<div class=\"elementor-widget-container\">\n\t\t\t<h5 class=\"elementor-heading-title elementor-size-default\">5 Galones<\/h5>\t\t<\/div>\n\t\t\t\t<\/div>\n\t\t\t\t\t<\/div>\r\n\t\t\t<\/div>\r\n\t\t\t\t\t\t\t<div class=\" elementor-column elementor-col-33 elementor-inner-column elementor-element elementor-element-b2b3a54 \" data-id=\"b2b3a54\" data-element_type=\"column\">\r\n\r\n\t\t\t\r\n\t\t\t<div class=\"elementor-widget-wrap elementor-element-populated\">\r\n\t\t\t\t\t\t\t\t\r\n\t\t\t\t\t<div class=\"elementor-element elementor-element-da5dac9 elementor-widget elementor-widget-image\" data-id=\"da5dac9\" data-element_type=\"widget\" data-widget_type=\"image.default\">\n\t\t\t\t<div class=\"elementor-widget-container\">\n\t\t\t\t\t\t\t\t\t\t\t\t\t\t\t<img decoding=\"async\" width=\"1024\" height=\"1024\" src=\"https:\/\/lubricanteslubking.com\/wp-content\/uploads\/2023\/06\/caneca-1024x1024.jpg\" class=\"attachment-large size-large wp-image-10726\" alt=\"\" srcset=\"https:\/\/lubricanteslubking.com\/wp-content\/uploads\/2023\/06\/caneca-1024x1024.jpg 1024w, https:\/\/lubricanteslubking.com\/wp-content\/uploads\/2023\/06\/caneca-768x768.jpg 768w, https:\/\/lubricanteslubking.com\/wp-content\/uploads\/2023\/06\/caneca-600x600.jpg 600w\" sizes=\"(max-width: 1024px) 100vw, 1024px\" \/>\t\t\t\t\t\t\t\t\t\t\t\t\t\t\t<\/div>\n\t\t\t\t<\/div>\n\t\t\t\t<div class=\"elementor-element elementor-element-fd299d2 elementor-widget elementor-widget-heading\" data-id=\"fd299d2\" data-element_type=\"widget\" data-widget_type=\"heading.default\">\n\t\t\t\t<div class=\"elementor-widget-container\">\n\t\t\t<h5 class=\"elementor-heading-title elementor-size-default\">Caneca<\/h5>\t\t<\/div>\n\t\t\t\t<\/div>\n\t\t\t\t\t<\/div>\r\n\t\t\t<\/div>\r\n\t\t\t\t\t\t\t<\/div>\r\n\t\t\t<\/section>\r\n\t\t\t\t\t\t<\/div>\r\n\t\t\t<\/div>\r\n\t\t\t\t\t\t\t<\/div>\r\n\t\t\t<\/section>\r\n\t\t\t\t\t\t\t\t<\/div>\n\t\t","protected":false},"excerpt":{"rendered":"<p>El Lubricante para Motocicleta 4T SAE 20W50 API JASO de la marca Lubking es un producto dise\u00f1ado espec\u00edficamente para motores de cuatro tiempos de motocicletas. Aqu\u00ed tienes algunas propiedades clave de este lubricante:<\/p>\n","protected":false},"featured_media":10761,"comment_status":"open","ping_status":"closed","template":"","meta":[],"product_cat":[107],"product_tag":[111,153,109,130,110],"_links":{"self":[{"href":"https:\/\/lubricanteslubking.com\/index.php?rest_route=\/wp\/v2\/product\/10492"}],"collection":[{"href":"https:\/\/lubricanteslubking.com\/index.php?rest_route=\/wp\/v2\/product"}],"about":[{"href":"https:\/\/lubricanteslubking.com\/index.php?rest_route=\/wp\/v2\/types\/product"}],"replies":[{"embeddable":true,"href":"https:\/\/lubricanteslubking.com\/index.php?rest_route=%2Fwp%2Fv2%2Fcomments&post=10492"}],"version-history":[{"count":19,"href":"https:\/\/lubricanteslubking.com\/index.php?rest_route=\/wp\/v2\/product\/10492\/revisions"}],"predecessor-version":[{"id":10900,"href":"https:\/\/lubricanteslubking.com\/index.php?rest_route=\/wp\/v2\/product\/10492\/revisions\/10900"}],"wp:featuredmedia":[{"embeddable":true,"href":"https:\/\/lubricanteslubking.com\/index.php?rest_route=\/wp\/v2\/media\/10761"}],"wp:attachment":[{"href":"https:\/\/lubricanteslubking.com\/index.php?rest_route=%2Fwp%2Fv2%2Fmedia&parent=10492"}],"wp:term":[{"taxonomy":"product_cat","embeddable":true,"href":"https:\/\/lubricanteslubking.com\/index.php?rest_route=%2Fwp%2Fv2%2Fproduct_cat&post=10492"},{"taxonomy":"product_tag","embeddable":true,"href":"https:\/\/lubricanteslubking.com\/index.php?rest_route=%2Fwp%2Fv2%2Fproduct_tag&post=10492"}],"curies":[{"name":"wp","href":"https:\/\/api.w.org\/{rel}","templated":true}]}}