{"id":10869,"date":"2023-09-20T12:40:06","date_gmt":"2023-09-20T17:40:06","guid":{"rendered":"https:\/\/lubricanteslubking.com\/?post_type=product&#038;p=10869"},"modified":"2023-10-11T11:21:42","modified_gmt":"2023-10-11T16:21:42","slug":"lubricante-automovil-cajas-manuales-cn-80w90-0-948l-lubking","status":"publish","type":"product","link":"https:\/\/lubricanteslubking.com\/?product=lubricante-automovil-cajas-manuales-cn-80w90-0-948l-lubking","title":{"rendered":"LUBKING CONDE SAE 80W90 API GL-5 CUARTO"},"content":{"rendered":"\t\t<div data-elementor-type=\"product-post\" data-elementor-id=\"10869\" class=\"elementor elementor-10869\" data-elementor-post-type=\"product\">\n\t\t\t\t\t\t\t\t\t<section class=\" elementor-section elementor-top-section elementor-element elementor-element-4dd571a0 elementor-section-boxed elementor-section-height-default elementor-section-height-default\" data-id=\"4dd571a0\" data-element_type=\"section\">\r\n\t\t\t\t\t\t\t\t<div class=\"elementor-container elementor-column-gap-default\">\r\n\t\t\t\t\r\n\t\t\t\t\t\t\t<div class=\" elementor-column elementor-col-100 elementor-top-column elementor-element elementor-element-326b3673 \" data-id=\"326b3673\" data-element_type=\"column\">\r\n\r\n\t\t\t\r\n\t\t\t<div class=\"elementor-widget-wrap elementor-element-populated\">\r\n\t\t\t\t\t\t\t\t\r\n\t\t\t\t\t<div class=\"elementor-element elementor-element-342eadbf elementor-widget elementor-widget-text-editor\" data-id=\"342eadbf\" data-element_type=\"widget\" data-widget_type=\"text-editor.default\">\n\t\t\t\t<div class=\"elementor-widget-container\">\n\t\t\t<style>\/*! elementor - v3.15.0 - 09-08-2023 *\/\n.elementor-widget-text-editor.elementor-drop-cap-view-stacked .elementor-drop-cap{background-color:#69727d;color:#fff}.elementor-widget-text-editor.elementor-drop-cap-view-framed .elementor-drop-cap{color:#69727d;border:3px solid;background-color:transparent}.elementor-widget-text-editor:not(.elementor-drop-cap-view-default) .elementor-drop-cap{margin-top:8px}.elementor-widget-text-editor:not(.elementor-drop-cap-view-default) .elementor-drop-cap-letter{width:1em;height:1em}.elementor-widget-text-editor .elementor-drop-cap{float:left;text-align:center;line-height:1;font-size:50px}.elementor-widget-text-editor .elementor-drop-cap-letter{display:inline-block}<\/style>\t\t\t\t<ol><li><p>Aplicaci\u00f3n: Este lubricante est\u00e1 formulado para su uso en cajas de cambios manuales de autom\u00f3viles. Las cajas de cambios manuales requieren un aceite especializado para garantizar un funcionamiento suave y una protecci\u00f3n adecuada de los componentes internos.<\/p><\/li><li><p>Especificaci\u00f3n de Viscosidad: CN 80W90. Esta especificaci\u00f3n indica la viscosidad del lubricante, lo que significa que es adecuado para una amplia gama de temperaturas y proporciona una buena fluidez tanto en condiciones fr\u00edas como calientes. El &#8220;80W90&#8221; es un est\u00e1ndar de viscosidad com\u00fan para lubricantes de cajas de cambios.<\/p><\/li><li><p>Presentaci\u00f3n: El producto se presenta en una botella de 0.948 litros. Esta cantidad es conveniente para cambiar el aceite de la caja de cambios de un autom\u00f3vil est\u00e1ndar y suele ser suficiente para el mantenimiento regular.<\/p><\/li><li><p>Marca: Lubking. La marca es un indicativo de calidad y confiabilidad. Los consumidores suelen elegir marcas en las que conf\u00edan para asegurarse de que est\u00e1n utilizando productos de alta calidad en sus veh\u00edculos.<\/p><\/li><\/ol>\t\t\t\t\t\t<\/div>\n\t\t\t\t<\/div>\n\t\t\t\t\t<\/div>\r\n\t\t\t<\/div>\r\n\t\t\t\t\t\t\t<\/div>\r\n\t\t\t<\/section>\r\n\t\t\t\t\t<section class=\" elementor-section elementor-top-section elementor-element elementor-element-21402c8 elementor-section-boxed elementor-section-height-default elementor-section-height-default\" data-id=\"21402c8\" data-element_type=\"section\">\r\n\t\t\t\t\t\t\t\t<div class=\"elementor-container elementor-column-gap-default\">\r\n\t\t\t\t\r\n\t\t\t\t\t\t\t<div class=\" elementor-column elementor-col-100 elementor-top-column elementor-element elementor-element-28fdb1d \" data-id=\"28fdb1d\" data-element_type=\"column\">\r\n\r\n\t\t\t\r\n\t\t\t<div class=\"elementor-widget-wrap elementor-element-populated\">\r\n\t\t\t\t\t\t\t\t\r\n\t\t\t\t\t<div class=\"elementor-element elementor-element-8dd9a69 elementor-widget elementor-widget-heading\" data-id=\"8dd9a69\" data-element_type=\"widget\" data-widget_type=\"heading.default\">\n\t\t\t\t<div class=\"elementor-widget-container\">\n\t\t\t<style>\/*! elementor - v3.15.0 - 09-08-2023 *\/\n.elementor-heading-title{padding:0;margin:0;line-height:1}.elementor-widget-heading .elementor-heading-title[class*=elementor-size-]>a{color:inherit;font-size:inherit;line-height:inherit}.elementor-widget-heading .elementor-heading-title.elementor-size-small{font-size:15px}.elementor-widget-heading .elementor-heading-title.elementor-size-medium{font-size:19px}.elementor-widget-heading .elementor-heading-title.elementor-size-large{font-size:29px}.elementor-widget-heading .elementor-heading-title.elementor-size-xl{font-size:39px}.elementor-widget-heading .elementor-heading-title.elementor-size-xxl{font-size:59px}<\/style><h3 class=\"elementor-heading-title elementor-size-default\">Descarga la ficha t\u00e9cnica<\/h3>\t\t<\/div>\n\t\t\t\t<\/div>\n\t\t\t\t<div class=\"elementor-element elementor-element-4b7fdd3 elementor-view-default elementor-widget elementor-widget-icon\" data-id=\"4b7fdd3\" data-element_type=\"widget\" data-widget_type=\"icon.default\">\n\t\t\t\t<div class=\"elementor-widget-container\">\n\t\t\t\t\t<div class=\"elementor-icon-wrapper\">\n\t\t\t<a class=\"elementor-icon\" href=\"https:\/\/lubricanteslubking.com\/wp-content\/uploads\/2022\/08\/23.-FT-Lubking-SAE-80W90-API-GL-5-Mineral.pdf\" target=\"_blank\" rel=\"nofollow\">\n\t\t\t<i aria-hidden=\"true\" class=\"fas fa-file-pdf\"><\/i>\t\t\t<\/a>\n\t\t<\/div>\n\t\t\t\t<\/div>\n\t\t\t\t<\/div>\n\t\t\t\t\t<\/div>\r\n\t\t\t<\/div>\r\n\t\t\t\t\t\t\t<\/div>\r\n\t\t\t<\/section>\r\n\t\t\t\t\t<section class=\" elementor-section elementor-top-section elementor-element elementor-element-5b9522d elementor-section-boxed elementor-section-height-default elementor-section-height-default\" data-id=\"5b9522d\" data-element_type=\"section\">\r\n\t\t\t\t\t\t\t\t<div class=\"elementor-container elementor-column-gap-default\">\r\n\t\t\t\t\r\n\t\t\t\t\t\t\t<div class=\" elementor-column elementor-col-100 elementor-top-column elementor-element elementor-element-f7edfb8 \" data-id=\"f7edfb8\" data-element_type=\"column\">\r\n\r\n\t\t\t\r\n\t\t\t<div class=\"elementor-widget-wrap elementor-element-populated\">\r\n\t\t\t\t\t\t\t\t\r\n\t\t\t\t\t<div class=\"elementor-element elementor-element-97705a6 elementor-widget elementor-widget-heading\" data-id=\"97705a6\" data-element_type=\"widget\" data-widget_type=\"heading.default\">\n\t\t\t\t<div class=\"elementor-widget-container\">\n\t\t\t<h3 class=\"elementor-heading-title elementor-size-default\">Presentaciones<\/h3>\t\t<\/div>\n\t\t\t\t<\/div>\n\t\t\t\t<section class=\" elementor-section elementor-inner-section elementor-element elementor-element-2a40202 elementor-section-boxed elementor-section-height-default elementor-section-height-default\" data-id=\"2a40202\" data-element_type=\"section\">\r\n\t\t\t\t\t\t\t\t<div class=\"elementor-container elementor-column-gap-default\">\r\n\t\t\t\t\r\n\t\t\t\t\t\t\t<div class=\" elementor-column elementor-col-33 elementor-inner-column elementor-element elementor-element-aff029a \" data-id=\"aff029a\" data-element_type=\"column\">\r\n\r\n\t\t\t\r\n\t\t\t<div class=\"elementor-widget-wrap elementor-element-populated\">\r\n\t\t\t\t\t\t\t\t\r\n\t\t\t\t\t<div class=\"elementor-element elementor-element-e5d9d69 elementor-widget elementor-widget-image\" data-id=\"e5d9d69\" data-element_type=\"widget\" data-widget_type=\"image.default\">\n\t\t\t\t<div class=\"elementor-widget-container\">\n\t\t\t<style>\/*! elementor - v3.15.0 - 09-08-2023 *\/\n.elementor-widget-image{text-align:center}.elementor-widget-image a{display:inline-block}.elementor-widget-image a img[src$=\".svg\"]{width:48px}.elementor-widget-image img{vertical-align:middle;display:inline-block}<\/style>\t\t\t\t\t\t\t\t\t\t\t\t<img decoding=\"async\" width=\"1024\" height=\"1024\" src=\"https:\/\/lubricanteslubking.com\/wp-content\/uploads\/2023\/06\/IMG_3676-copia-1024x1024.jpg\" class=\"attachment-large size-large wp-image-10746\" alt=\"Lubricante Autom\u00f3vil Cajas Manuales CN 80W90 Gal\u00f3n Lubking\" srcset=\"https:\/\/lubricanteslubking.com\/wp-content\/uploads\/2023\/06\/IMG_3676-copia-1024x1024.jpg 1024w, https:\/\/lubricanteslubking.com\/wp-content\/uploads\/2023\/06\/IMG_3676-copia-768x768.jpg 768w, https:\/\/lubricanteslubking.com\/wp-content\/uploads\/2023\/06\/IMG_3676-copia-600x600.jpg 600w\" sizes=\"(max-width: 1024px) 100vw, 1024px\" \/>\t\t\t\t\t\t\t\t\t\t\t\t\t\t\t<\/div>\n\t\t\t\t<\/div>\n\t\t\t\t<div class=\"elementor-element elementor-element-8e303ec elementor-widget elementor-widget-heading\" data-id=\"8e303ec\" data-element_type=\"widget\" data-widget_type=\"heading.default\">\n\t\t\t\t<div class=\"elementor-widget-container\">\n\t\t\t<h5 class=\"elementor-heading-title elementor-size-default\">1 Gal\u00f3n<\/h5>\t\t<\/div>\n\t\t\t\t<\/div>\n\t\t\t\t\t<\/div>\r\n\t\t\t<\/div>\r\n\t\t\t\t\t\t\t<div class=\" elementor-column elementor-col-33 elementor-inner-column elementor-element elementor-element-b59acd1 \" data-id=\"b59acd1\" data-element_type=\"column\">\r\n\r\n\t\t\t\r\n\t\t\t<div class=\"elementor-widget-wrap elementor-element-populated\">\r\n\t\t\t\t\t\t\t\t\r\n\t\t\t\t\t<div class=\"elementor-element elementor-element-bd8cef9 elementor-widget elementor-widget-image\" data-id=\"bd8cef9\" data-element_type=\"widget\" data-widget_type=\"image.default\">\n\t\t\t\t<div class=\"elementor-widget-container\">\n\t\t\t\t\t\t\t\t\t\t\t\t\t\t\t<img decoding=\"async\" width=\"1024\" height=\"1024\" src=\"https:\/\/lubricanteslubking.com\/wp-content\/uploads\/2023\/06\/gal6-1024x1024.jpg\" class=\"attachment-large size-large wp-image-10728\" alt=\"Lubricante Autom\u00f3vil Cajas Manuales CN 80W90 5 Galones Lubking\" srcset=\"https:\/\/lubricanteslubking.com\/wp-content\/uploads\/2023\/06\/gal6-1024x1024.jpg 1024w, https:\/\/lubricanteslubking.com\/wp-content\/uploads\/2023\/06\/gal6-768x768.jpg 768w, https:\/\/lubricanteslubking.com\/wp-content\/uploads\/2023\/06\/gal6-600x600.jpg 600w\" sizes=\"(max-width: 1024px) 100vw, 1024px\" \/>\t\t\t\t\t\t\t\t\t\t\t\t\t\t\t<\/div>\n\t\t\t\t<\/div>\n\t\t\t\t<div class=\"elementor-element elementor-element-7bb4c4e elementor-widget elementor-widget-heading\" data-id=\"7bb4c4e\" data-element_type=\"widget\" data-widget_type=\"heading.default\">\n\t\t\t\t<div class=\"elementor-widget-container\">\n\t\t\t<h5 class=\"elementor-heading-title elementor-size-default\">5 Galones<\/h5>\t\t<\/div>\n\t\t\t\t<\/div>\n\t\t\t\t\t<\/div>\r\n\t\t\t<\/div>\r\n\t\t\t\t\t\t\t<div class=\" elementor-column elementor-col-33 elementor-inner-column elementor-element elementor-element-b2b3a54 \" data-id=\"b2b3a54\" data-element_type=\"column\">\r\n\r\n\t\t\t\r\n\t\t\t<div class=\"elementor-widget-wrap elementor-element-populated\">\r\n\t\t\t\t\t\t\t\t\r\n\t\t\t\t\t<div class=\"elementor-element elementor-element-da5dac9 elementor-widget elementor-widget-image\" data-id=\"da5dac9\" data-element_type=\"widget\" data-widget_type=\"image.default\">\n\t\t\t\t<div class=\"elementor-widget-container\">\n\t\t\t\t\t\t\t\t\t\t\t\t\t\t\t<img decoding=\"async\" width=\"1024\" height=\"1024\" src=\"https:\/\/lubricanteslubking.com\/wp-content\/uploads\/2023\/06\/caneca-1024x1024.jpg\" class=\"attachment-large size-large wp-image-10726\" alt=\"\" srcset=\"https:\/\/lubricanteslubking.com\/wp-content\/uploads\/2023\/06\/caneca-1024x1024.jpg 1024w, https:\/\/lubricanteslubking.com\/wp-content\/uploads\/2023\/06\/caneca-768x768.jpg 768w, https:\/\/lubricanteslubking.com\/wp-content\/uploads\/2023\/06\/caneca-600x600.jpg 600w\" sizes=\"(max-width: 1024px) 100vw, 1024px\" \/>\t\t\t\t\t\t\t\t\t\t\t\t\t\t\t<\/div>\n\t\t\t\t<\/div>\n\t\t\t\t<div class=\"elementor-element elementor-element-fd299d2 elementor-widget elementor-widget-heading\" data-id=\"fd299d2\" data-element_type=\"widget\" data-widget_type=\"heading.default\">\n\t\t\t\t<div class=\"elementor-widget-container\">\n\t\t\t<h5 class=\"elementor-heading-title elementor-size-default\">Caneca<\/h5>\t\t<\/div>\n\t\t\t\t<\/div>\n\t\t\t\t\t<\/div>\r\n\t\t\t<\/div>\r\n\t\t\t\t\t\t\t<\/div>\r\n\t\t\t<\/section>\r\n\t\t\t\t\t\t<\/div>\r\n\t\t\t<\/div>\r\n\t\t\t\t\t\t\t<\/div>\r\n\t\t\t<\/section>\r\n\t\t\t\t\t\t\t\t<\/div>\n\t\t","protected":false},"excerpt":{"rendered":"<p>El producto es un lubricante dise\u00f1ado para cajas de cambios manuales de autom\u00f3viles. Presentado en envases de 0.948 litros, es de la marca Lubking y tiene una viscosidad de 80W90, ideal para asegurar el correcto funcionamiento y protecci\u00f3n de las cajas de cambios.<\/p>\n","protected":false},"featured_media":10759,"comment_status":"open","ping_status":"closed","template":"","meta":[],"product_cat":[107],"product_tag":[156,157,153,109],"_links":{"self":[{"href":"https:\/\/lubricanteslubking.com\/index.php?rest_route=\/wp\/v2\/product\/10869"}],"collection":[{"href":"https:\/\/lubricanteslubking.com\/index.php?rest_route=\/wp\/v2\/product"}],"about":[{"href":"https:\/\/lubricanteslubking.com\/index.php?rest_route=\/wp\/v2\/types\/product"}],"replies":[{"embeddable":true,"href":"https:\/\/lubricanteslubking.com\/index.php?rest_route=%2Fwp%2Fv2%2Fcomments&post=10869"}],"version-history":[{"count":8,"href":"https:\/\/lubricanteslubking.com\/index.php?rest_route=\/wp\/v2\/product\/10869\/revisions"}],"predecessor-version":[{"id":10898,"href":"https:\/\/lubricanteslubking.com\/index.php?rest_route=\/wp\/v2\/product\/10869\/revisions\/10898"}],"wp:featuredmedia":[{"embeddable":true,"href":"https:\/\/lubricanteslubking.com\/index.php?rest_route=\/wp\/v2\/media\/10759"}],"wp:attachment":[{"href":"https:\/\/lubricanteslubking.com\/index.php?rest_route=%2Fwp%2Fv2%2Fmedia&parent=10869"}],"wp:term":[{"taxonomy":"product_cat","embeddable":true,"href":"https:\/\/lubricanteslubking.com\/index.php?rest_route=%2Fwp%2Fv2%2Fproduct_cat&post=10869"},{"taxonomy":"product_tag","embeddable":true,"href":"https:\/\/lubricanteslubking.com\/index.php?rest_route=%2Fwp%2Fv2%2Fproduct_tag&post=10869"}],"curies":[{"name":"wp","href":"https:\/\/api.w.org\/{rel}","templated":true}]}}