{"id":10881,"date":"2023-09-20T13:11:08","date_gmt":"2023-09-20T18:11:08","guid":{"rendered":"https:\/\/lubricanteslubking.com\/?post_type=product&#038;p=10881"},"modified":"2023-10-11T11:14:54","modified_gmt":"2023-10-11T16:14:54","slug":"lubricante-para-motores-diesel-qn-15w40-0-948l-lubking","status":"publish","type":"product","link":"https:\/\/lubricanteslubking.com\/?product=lubricante-para-motores-diesel-qn-15w40-0-948l-lubking","title":{"rendered":"LUBKING QUEEN SAE 15W40 API CI-4 CUARTO"},"content":{"rendered":"\t\t<div data-elementor-type=\"product-post\" data-elementor-id=\"10881\" class=\"elementor elementor-10881\" data-elementor-post-type=\"product\">\n\t\t\t\t\t\t\t\t\t<section class=\" elementor-section elementor-top-section elementor-element elementor-element-4dd571a0 elementor-section-boxed elementor-section-height-default elementor-section-height-default\" data-id=\"4dd571a0\" data-element_type=\"section\">\r\n\t\t\t\t\t\t\t\t<div class=\"elementor-container elementor-column-gap-default\">\r\n\t\t\t\t\r\n\t\t\t\t\t\t\t<div class=\" elementor-column elementor-col-100 elementor-top-column elementor-element elementor-element-326b3673 \" data-id=\"326b3673\" data-element_type=\"column\">\r\n\r\n\t\t\t\r\n\t\t\t<div class=\"elementor-widget-wrap elementor-element-populated\">\r\n\t\t\t\t\t\t\t\t\r\n\t\t\t\t\t<div class=\"elementor-element elementor-element-342eadbf elementor-widget elementor-widget-text-editor\" data-id=\"342eadbf\" data-element_type=\"widget\" data-widget_type=\"text-editor.default\">\n\t\t\t\t<div class=\"elementor-widget-container\">\n\t\t\t<style>\/*! elementor - v3.15.0 - 09-08-2023 *\/\n.elementor-widget-text-editor.elementor-drop-cap-view-stacked .elementor-drop-cap{background-color:#69727d;color:#fff}.elementor-widget-text-editor.elementor-drop-cap-view-framed .elementor-drop-cap{color:#69727d;border:3px solid;background-color:transparent}.elementor-widget-text-editor:not(.elementor-drop-cap-view-default) .elementor-drop-cap{margin-top:8px}.elementor-widget-text-editor:not(.elementor-drop-cap-view-default) .elementor-drop-cap-letter{width:1em;height:1em}.elementor-widget-text-editor .elementor-drop-cap{float:left;text-align:center;line-height:1;font-size:50px}.elementor-widget-text-editor .elementor-drop-cap-letter{display:inline-block}<\/style>\t\t\t\t<ol><li><p>Viscosidad 15W40: Este lubricante posee una viscosidad equilibrada de 15 en condiciones de fr\u00edo y 40 en caliente, lo que garantiza una lubricaci\u00f3n eficiente en una amplia gama de temperaturas.<\/p><\/li><li><p>Protecci\u00f3n del Motor: Proporciona una protecci\u00f3n superior contra el desgaste, reduciendo la fricci\u00f3n y prolongando la vida \u00fatil del motor.<\/p><\/li><li><p>Limpieza y Dispersi\u00f3n de Residuos: Ayuda a mantener limpio el motor al dispersar los dep\u00f3sitos de suciedad y los sedimentos, evitando la formaci\u00f3n de lodos perjudiciales.<\/p><\/li><li><p>Rendimiento en Bajas Temperaturas: Facilita el arranque en fr\u00edo y proporciona una lubricaci\u00f3n r\u00e1pida durante los arranques en climas fr\u00edos, reduciendo el desgaste en el proceso.<\/p><\/li><li><p>Reducci\u00f3n del Consumo de Aceite: Su f\u00f3rmula avanzada ayuda a disminuir el consumo de aceite, lo que resulta en un ahorro a largo plazo.<\/p><\/li><li><p>Compatibilidad Universal: Adecuado para una amplia variedad de motores diesel, incluyendo veh\u00edculos ligeros, camiones, maquinaria agr\u00edcola e industrial.<\/p><\/li><li><p>Normas y Certificaciones: Cumple con las normas y especificaciones de la industria, asegurando un rendimiento confiable y una larga vida \u00fatil del motor.<\/p><\/li><li><p>Envase Pr\u00e1ctico: Viene en un envase de 0.948 litros, ideal para cambios de aceite regulares y f\u00e1cil de almacenar.<\/p><\/li><\/ol>\t\t\t\t\t\t<\/div>\n\t\t\t\t<\/div>\n\t\t\t\t\t<\/div>\r\n\t\t\t<\/div>\r\n\t\t\t\t\t\t\t<\/div>\r\n\t\t\t<\/section>\r\n\t\t\t\t\t<section class=\" elementor-section elementor-top-section elementor-element elementor-element-21402c8 elementor-section-boxed elementor-section-height-default elementor-section-height-default\" data-id=\"21402c8\" data-element_type=\"section\">\r\n\t\t\t\t\t\t\t\t<div class=\"elementor-container elementor-column-gap-default\">\r\n\t\t\t\t\r\n\t\t\t\t\t\t\t<div class=\" elementor-column elementor-col-100 elementor-top-column elementor-element elementor-element-28fdb1d \" data-id=\"28fdb1d\" data-element_type=\"column\">\r\n\r\n\t\t\t\r\n\t\t\t<div class=\"elementor-widget-wrap elementor-element-populated\">\r\n\t\t\t\t\t\t\t\t\r\n\t\t\t\t\t<div class=\"elementor-element elementor-element-8dd9a69 elementor-widget elementor-widget-heading\" data-id=\"8dd9a69\" data-element_type=\"widget\" data-widget_type=\"heading.default\">\n\t\t\t\t<div class=\"elementor-widget-container\">\n\t\t\t<style>\/*! elementor - v3.15.0 - 09-08-2023 *\/\n.elementor-heading-title{padding:0;margin:0;line-height:1}.elementor-widget-heading .elementor-heading-title[class*=elementor-size-]>a{color:inherit;font-size:inherit;line-height:inherit}.elementor-widget-heading .elementor-heading-title.elementor-size-small{font-size:15px}.elementor-widget-heading .elementor-heading-title.elementor-size-medium{font-size:19px}.elementor-widget-heading .elementor-heading-title.elementor-size-large{font-size:29px}.elementor-widget-heading .elementor-heading-title.elementor-size-xl{font-size:39px}.elementor-widget-heading .elementor-heading-title.elementor-size-xxl{font-size:59px}<\/style><h3 class=\"elementor-heading-title elementor-size-default\">Descarga la ficha t\u00e9cnica<\/h3>\t\t<\/div>\n\t\t\t\t<\/div>\n\t\t\t\t<div class=\"elementor-element elementor-element-4b7fdd3 elementor-view-default elementor-widget elementor-widget-icon\" data-id=\"4b7fdd3\" data-element_type=\"widget\" data-widget_type=\"icon.default\">\n\t\t\t\t<div class=\"elementor-widget-container\">\n\t\t\t\t\t<div class=\"elementor-icon-wrapper\">\n\t\t\t<a class=\"elementor-icon\" href=\"https:\/\/lubricanteslubking.com\/wp-content\/uploads\/2022\/08\/13.-FT-Lubking-SAE-15W40-API-CF-4-Mineral.pdf\" target=\"_blank\" rel=\"nofollow\">\n\t\t\t<i aria-hidden=\"true\" class=\"fas fa-file-pdf\"><\/i>\t\t\t<\/a>\n\t\t<\/div>\n\t\t\t\t<\/div>\n\t\t\t\t<\/div>\n\t\t\t\t\t<\/div>\r\n\t\t\t<\/div>\r\n\t\t\t\t\t\t\t<\/div>\r\n\t\t\t<\/section>\r\n\t\t\t\t\t<section class=\" elementor-section elementor-top-section elementor-element elementor-element-5b9522d elementor-section-boxed elementor-section-height-default elementor-section-height-default\" data-id=\"5b9522d\" data-element_type=\"section\">\r\n\t\t\t\t\t\t\t\t<div class=\"elementor-container elementor-column-gap-default\">\r\n\t\t\t\t\r\n\t\t\t\t\t\t\t<div class=\" elementor-column elementor-col-100 elementor-top-column elementor-element elementor-element-f7edfb8 \" data-id=\"f7edfb8\" data-element_type=\"column\">\r\n\r\n\t\t\t\r\n\t\t\t<div class=\"elementor-widget-wrap elementor-element-populated\">\r\n\t\t\t\t\t\t\t\t\r\n\t\t\t\t\t<div class=\"elementor-element elementor-element-97705a6 elementor-widget elementor-widget-heading\" data-id=\"97705a6\" data-element_type=\"widget\" data-widget_type=\"heading.default\">\n\t\t\t\t<div class=\"elementor-widget-container\">\n\t\t\t<h3 class=\"elementor-heading-title elementor-size-default\">Presentaciones<\/h3>\t\t<\/div>\n\t\t\t\t<\/div>\n\t\t\t\t<section class=\" elementor-section elementor-inner-section elementor-element elementor-element-2a40202 elementor-section-boxed elementor-section-height-default elementor-section-height-default\" data-id=\"2a40202\" data-element_type=\"section\">\r\n\t\t\t\t\t\t\t\t<div class=\"elementor-container elementor-column-gap-default\">\r\n\t\t\t\t\r\n\t\t\t\t\t\t\t<div class=\" elementor-column elementor-col-33 elementor-inner-column elementor-element elementor-element-aff029a \" data-id=\"aff029a\" data-element_type=\"column\">\r\n\r\n\t\t\t\r\n\t\t\t<div class=\"elementor-widget-wrap elementor-element-populated\">\r\n\t\t\t\t\t\t\t\t\r\n\t\t\t\t\t<div class=\"elementor-element elementor-element-e5d9d69 elementor-widget elementor-widget-image\" data-id=\"e5d9d69\" data-element_type=\"widget\" data-widget_type=\"image.default\">\n\t\t\t\t<div class=\"elementor-widget-container\">\n\t\t\t<style>\/*! elementor - v3.15.0 - 09-08-2023 *\/\n.elementor-widget-image{text-align:center}.elementor-widget-image a{display:inline-block}.elementor-widget-image a img[src$=\".svg\"]{width:48px}.elementor-widget-image img{vertical-align:middle;display:inline-block}<\/style>\t\t\t\t\t\t\t\t\t\t\t\t<img decoding=\"async\" width=\"1024\" height=\"1024\" src=\"https:\/\/lubricanteslubking.com\/wp-content\/uploads\/2023\/06\/IMG_3672-1024x1024.jpg\" class=\"attachment-large size-large wp-image-10751\" alt=\"Lubricante Para Motores Diesel QN 15W40 Gal\u00f3n Lubking\" srcset=\"https:\/\/lubricanteslubking.com\/wp-content\/uploads\/2023\/06\/IMG_3672-1024x1024.jpg 1024w, https:\/\/lubricanteslubking.com\/wp-content\/uploads\/2023\/06\/IMG_3672-768x768.jpg 768w, https:\/\/lubricanteslubking.com\/wp-content\/uploads\/2023\/06\/IMG_3672-600x600.jpg 600w\" sizes=\"(max-width: 1024px) 100vw, 1024px\" \/>\t\t\t\t\t\t\t\t\t\t\t\t\t\t\t<\/div>\n\t\t\t\t<\/div>\n\t\t\t\t<div class=\"elementor-element elementor-element-8e303ec elementor-widget elementor-widget-heading\" data-id=\"8e303ec\" data-element_type=\"widget\" data-widget_type=\"heading.default\">\n\t\t\t\t<div class=\"elementor-widget-container\">\n\t\t\t<h5 class=\"elementor-heading-title elementor-size-default\">1 Gal\u00f3n<\/h5>\t\t<\/div>\n\t\t\t\t<\/div>\n\t\t\t\t\t<\/div>\r\n\t\t\t<\/div>\r\n\t\t\t\t\t\t\t<div class=\" elementor-column elementor-col-33 elementor-inner-column elementor-element elementor-element-b59acd1 \" data-id=\"b59acd1\" data-element_type=\"column\">\r\n\r\n\t\t\t\r\n\t\t\t<div class=\"elementor-widget-wrap elementor-element-populated\">\r\n\t\t\t\t\t\t\t\t\r\n\t\t\t\t\t<div class=\"elementor-element elementor-element-bd8cef9 elementor-widget elementor-widget-image\" data-id=\"bd8cef9\" data-element_type=\"widget\" data-widget_type=\"image.default\">\n\t\t\t\t<div class=\"elementor-widget-container\">\n\t\t\t\t\t\t\t\t\t\t\t\t\t\t\t<img decoding=\"async\" width=\"1024\" height=\"1024\" src=\"https:\/\/lubricanteslubking.com\/wp-content\/uploads\/2023\/06\/gal2-1024x1024.jpg\" class=\"attachment-large size-large wp-image-10732\" alt=\"Lubricante Para Motores Diesel QN 15W40 5 Galones Lubking\" srcset=\"https:\/\/lubricanteslubking.com\/wp-content\/uploads\/2023\/06\/gal2-1024x1024.jpg 1024w, https:\/\/lubricanteslubking.com\/wp-content\/uploads\/2023\/06\/gal2-768x768.jpg 768w, https:\/\/lubricanteslubking.com\/wp-content\/uploads\/2023\/06\/gal2-600x600.jpg 600w\" sizes=\"(max-width: 1024px) 100vw, 1024px\" \/>\t\t\t\t\t\t\t\t\t\t\t\t\t\t\t<\/div>\n\t\t\t\t<\/div>\n\t\t\t\t<div class=\"elementor-element elementor-element-7bb4c4e elementor-widget elementor-widget-heading\" data-id=\"7bb4c4e\" data-element_type=\"widget\" data-widget_type=\"heading.default\">\n\t\t\t\t<div class=\"elementor-widget-container\">\n\t\t\t<h5 class=\"elementor-heading-title elementor-size-default\">5 Galones<\/h5>\t\t<\/div>\n\t\t\t\t<\/div>\n\t\t\t\t\t<\/div>\r\n\t\t\t<\/div>\r\n\t\t\t\t\t\t\t<div class=\" elementor-column elementor-col-33 elementor-inner-column elementor-element elementor-element-b2b3a54 \" data-id=\"b2b3a54\" data-element_type=\"column\">\r\n\r\n\t\t\t\r\n\t\t\t<div class=\"elementor-widget-wrap elementor-element-populated\">\r\n\t\t\t\t\t\t\t\t\r\n\t\t\t\t\t<div class=\"elementor-element elementor-element-da5dac9 elementor-widget elementor-widget-image\" data-id=\"da5dac9\" data-element_type=\"widget\" data-widget_type=\"image.default\">\n\t\t\t\t<div class=\"elementor-widget-container\">\n\t\t\t\t\t\t\t\t\t\t\t\t\t\t\t<img decoding=\"async\" width=\"1024\" height=\"1024\" src=\"https:\/\/lubricanteslubking.com\/wp-content\/uploads\/2023\/06\/caneca-1024x1024.jpg\" class=\"attachment-large size-large wp-image-10726\" alt=\"\" srcset=\"https:\/\/lubricanteslubking.com\/wp-content\/uploads\/2023\/06\/caneca-1024x1024.jpg 1024w, https:\/\/lubricanteslubking.com\/wp-content\/uploads\/2023\/06\/caneca-768x768.jpg 768w, https:\/\/lubricanteslubking.com\/wp-content\/uploads\/2023\/06\/caneca-600x600.jpg 600w\" sizes=\"(max-width: 1024px) 100vw, 1024px\" \/>\t\t\t\t\t\t\t\t\t\t\t\t\t\t\t<\/div>\n\t\t\t\t<\/div>\n\t\t\t\t<div class=\"elementor-element elementor-element-fd299d2 elementor-widget elementor-widget-heading\" data-id=\"fd299d2\" data-element_type=\"widget\" data-widget_type=\"heading.default\">\n\t\t\t\t<div class=\"elementor-widget-container\">\n\t\t\t<h5 class=\"elementor-heading-title elementor-size-default\">Caneca<\/h5>\t\t<\/div>\n\t\t\t\t<\/div>\n\t\t\t\t\t<\/div>\r\n\t\t\t<\/div>\r\n\t\t\t\t\t\t\t<\/div>\r\n\t\t\t<\/section>\r\n\t\t\t\t\t\t<\/div>\r\n\t\t\t<\/div>\r\n\t\t\t\t\t\t\t<\/div>\r\n\t\t\t<\/section>\r\n\t\t\t\t\t\t\t\t<\/div>\n\t\t","protected":false},"excerpt":{"rendered":"<p>Lubricante diesel QN 15W40 de Lubking, potente protecci\u00f3n y rendimiento en 0.948 litros. \u00d3ptimo para motores diesel.<\/p>\n","protected":false},"featured_media":10757,"comment_status":"open","ping_status":"closed","template":"","meta":[],"product_cat":[107],"product_tag":[153,109,158,160],"_links":{"self":[{"href":"https:\/\/lubricanteslubking.com\/index.php?rest_route=\/wp\/v2\/product\/10881"}],"collection":[{"href":"https:\/\/lubricanteslubking.com\/index.php?rest_route=\/wp\/v2\/product"}],"about":[{"href":"https:\/\/lubricanteslubking.com\/index.php?rest_route=\/wp\/v2\/types\/product"}],"replies":[{"embeddable":true,"href":"https:\/\/lubricanteslubking.com\/index.php?rest_route=%2Fwp%2Fv2%2Fcomments&post=10881"}],"version-history":[{"count":9,"href":"https:\/\/lubricanteslubking.com\/index.php?rest_route=\/wp\/v2\/product\/10881\/revisions"}],"predecessor-version":[{"id":10897,"href":"https:\/\/lubricanteslubking.com\/index.php?rest_route=\/wp\/v2\/product\/10881\/revisions\/10897"}],"wp:featuredmedia":[{"embeddable":true,"href":"https:\/\/lubricanteslubking.com\/index.php?rest_route=\/wp\/v2\/media\/10757"}],"wp:attachment":[{"href":"https:\/\/lubricanteslubking.com\/index.php?rest_route=%2Fwp%2Fv2%2Fmedia&parent=10881"}],"wp:term":[{"taxonomy":"product_cat","embeddable":true,"href":"https:\/\/lubricanteslubking.com\/index.php?rest_route=%2Fwp%2Fv2%2Fproduct_cat&post=10881"},{"taxonomy":"product_tag","embeddable":true,"href":"https:\/\/lubricanteslubking.com\/index.php?rest_route=%2Fwp%2Fv2%2Fproduct_tag&post=10881"}],"curies":[{"name":"wp","href":"https:\/\/api.w.org\/{rel}","templated":true}]}}